{"id":27,"date":"2020-11-09T00:30:37","date_gmt":"2020-11-09T03:30:37","guid":{"rendered":"http:\/\/localhost\/?page_id=27"},"modified":"2021-10-17T17:31:30","modified_gmt":"2021-10-17T20:31:30","slug":"cual-es-nuestra-vision-2","status":"publish","type":"page","link":"https:\/\/comentariosdecine.com\/?page_id=27","title":{"rendered":"\u00bfCu\u00e1l es nuestra visi\u00f3n?"},"content":{"rendered":"\n<div class=\"wp-block-image\"><figure class=\"alignright size-large\"><img loading=\"lazy\" width=\"195\" height=\"261\" src=\"http:\/\/comentariosdecine.com\/wp-content\/uploads\/icon_staff_lorenzo.jpg\" alt=\"Lorenzo B\" class=\"wp-image-524\"\/><figcaption><strong>Lorenzo Barone<\/strong><br>Licenciado en la Universidad del Cine, es actualmente profesor de gui\u00f3n, cr\u00edtica cinematogr\u00e1fica y semi\u00f3tica para las carreras de cine y de ciencias de la comunicaci\u00f3n. Se desempe\u00f1a profesionalmente en el \u00e1mbito de la historia, teor\u00eda y an\u00e1lisis de cine, en la escritura de largometrajes y series televisivas, y en la redacci\u00f3n de ensayos te\u00f3ricos para revistas especializadas cart\u00e1ceas y virtuales, sin desde\u00f1ar inter\u00e9s por la programaci\u00f3n de festivales.<\/figcaption><\/figure><\/div>\n\n\n\n<p>En este sitio web juntamos opiniones y an\u00e1lisis plurales sobre pel\u00edculas en cartelera durante el a\u00f1o y pel\u00edculas proyectadas por festivales de cine, sin excluir algunos &#8220;fuera de programa&#8221; especiales, recuperados de \u00e9pocas anteriores. Nuestra intenci\u00f3n no es s\u00f3lo la de evaluar a las pel\u00edculas bajo el aspecto cr\u00edtico, y con cierta libertad anal\u00edtica, para proponerle al lector un primer alcance a la visi\u00f3n del film (como lo ser\u00eda un cl\u00e1sico &#8220;diccionario de cine&#8221;), sino obligarnos a evaluaciones, relecturas, reflexiones que no provienen \u00fanicamente de nuestra mirada personal, sino de la experiencia y la pasi\u00f3n que nos liga al s\u00e9ptimo arte.<\/p>\n\n\n\n<p>Preferimos otorgarle al sitio el nombre de &#8220;comentario&#8221; y no &#8220;cr\u00edtica&#8221; ya que, en primer lugar, aparece \u00e9ste desligado de cierta autocomplacencia o pretensiones absolutistas que pululaban en las viejas rese\u00f1as oficiales (cuando la prensa verticalista todav\u00eda se asemejaba a ese ombligo del mundo en el intento de explicarle al mismo cu\u00e1les eran los films buenos y cu\u00e1les los malos). Desde nuestra postura pensamos, m\u00e1s bien, en darle instrumentos al lector para que \u00e9l mismo decida. No planteamos el en\u00e9simo sitio de predicaciones sobre el cine: proponemos la oportunidad de confrontar. Y en este sentido, el puntaje de 1\/100 funcionar\u00eda de forma ir\u00f3nica para jugar con ese absolutismo, con la posibilidad de ser contradicho por las opiniones y los puntajes de los lectores, sin pretensiones m\u00e1s serias que eso mismo.<\/p>\n\n\n\n<p>En Comentarios de Cine tenemos, entonces, un sistema plural de apreciaci\u00f3n del film: primero est\u00e1 la rese\u00f1a del cr\u00edtico de la p\u00e1gina, pero despu\u00e9s damos la posibilidad de agregar las cr\u00edticas de los diarios y abajo las de los usuarios. No apuntamos, en nuestro sitio, a un: \u201cte digo lo que te tiene que gustar\u201d. M\u00e1s bien: \u201cte digo lo que me gust\u00f3 a m\u00ed y por qu\u00e9\u201d. Marcamos un panorama, teniendo bien presente uno de los errores m\u00e1s grandes jam\u00e1s hechos por Cahiers du Cinema en su historia. Cuando Claude Lelouch hizo su primera pel\u00edcula, \u201cLe Propre de l\u2019Homme\u201d, ten\u00eda 18 a\u00f1os. Cahiers sali\u00f3 con esta rese\u00f1a: \u2018Claude Lelouch: an\u00f3tense a este nombre, no lo escuchar\u00e1n m\u00e1s\u2019. Hizo cuarenta pel\u00edculas y gan\u00f3 un Oscar.<\/p>\n\n\n\n<p>En cu\u00e1nto al nacimiento del sitio, siempre fue mi sue\u00f1o contener en un archivo multimedial online todas las cr\u00edticas que realic\u00e9 en el curso de estos a\u00f1os transcurridos entre salas cinematogr\u00e1ficas y pasillos de universidades, a estudiar y ense\u00f1ar cine. A\u00f1os en los que pude tambi\u00e9n constatar la evoluci\u00f3n de mi escritura cinematogr\u00e1fica. Y es por esto que los lectores de hoy y ma\u00f1ana encontrar\u00e1n en el sitio tanto cr\u00edticas publicadas recientemente, como tambi\u00e9n comentarios muy antiguos, en los que es divertido y hasta curioso releer nuestros modismos y lenguaje de aquel entonces. Porque, adem\u00e1s de ser le\u00eddas, nuestras apreciaciones apuntan a estimular una discusi\u00f3n posterior, un intercambio de ideas que podr\u00eda producir divergencias interesantes. Y, al fin y al cabo, \u00bfno son estas mismas la ra\u00edz de una verdadera discusi\u00f3n cultural?<\/p>\n\n\n\n<p><em>Lorenzo Barone&nbsp;<\/em><\/p>\n","protected":false},"excerpt":{"rendered":"<p>En este sitio web juntamos opiniones y an\u00e1lisis plurales sobre pel\u00edculas en cartelera durante el a\u00f1o y pel\u00edculas proyectadas por festivales de cine, sin excluir algunos &#8220;fuera de programa&#8221; especiales, recuperados de \u00e9pocas anteriores. Nuestra intenci\u00f3n no es s\u00f3lo la de evaluar a las pel\u00edculas bajo el aspecto cr\u00edtico, y con cierta libertad anal\u00edtica, para [&hellip;]<\/p>\n","protected":false},"author":1,"featured_media":0,"parent":0,"menu_order":0,"comment_status":"closed","ping_status":"closed","template":"","meta":[],"_links":{"self":[{"href":"https:\/\/comentariosdecine.com\/index.php?rest_route=\/wp\/v2\/pages\/27"}],"collection":[{"href":"https:\/\/comentariosdecine.com\/index.php?rest_route=\/wp\/v2\/pages"}],"about":[{"href":"https:\/\/comentariosdecine.com\/index.php?rest_route=\/wp\/v2\/types\/page"}],"author":[{"embeddable":true,"href":"https:\/\/comentariosdecine.com\/index.php?rest_route=\/wp\/v2\/users\/1"}],"replies":[{"embeddable":true,"href":"https:\/\/comentariosdecine.com\/index.php?rest_route=%2Fwp%2Fv2%2Fcomments&post=27"}],"version-history":[{"count":1,"href":"https:\/\/comentariosdecine.com\/index.php?rest_route=\/wp\/v2\/pages\/27\/revisions"}],"predecessor-version":[{"id":525,"href":"https:\/\/comentariosdecine.com\/index.php?rest_route=\/wp\/v2\/pages\/27\/revisions\/525"}],"wp:attachment":[{"href":"https:\/\/comentariosdecine.com\/index.php?rest_route=%2Fwp%2Fv2%2Fmedia&parent=27"}],"curies":[{"name":"wp","href":"https:\/\/api.w.org\/{rel}","templated":true}]}}